{"id":22755,"date":"2026-01-22T07:55:06","date_gmt":"2026-01-22T10:55:06","guid":{"rendered":"https:\/\/cdap.org.py\/?page_id=22755"},"modified":"2026-01-22T07:55:07","modified_gmt":"2026-01-22T10:55:07","slug":"resoluciones-4","status":"publish","type":"page","link":"https:\/\/cdap.org.py\/?page_id=22755","title":{"rendered":"Resoluciones"},"content":{"rendered":"\n<figure class=\"wp-block-table\"><table class=\"has-fixed-layout\"><tbody><tr><td><strong><strong>Consultar Documento<\/strong><\/strong>:<\/td><\/tr><tr><td>&#8211; <strong>Resoluci\u00f3n 14<\/strong>: <a href=\"https:\/\/cdap.org.py\/wp-content\/uploads\/2026\/01\/Resolucion-14-Cronograma-Electoral-Itapua.pdf\">Cronograma Electoral &#8211; Itap\u00faa<\/a><\/td><\/tr><tr><td>&#8211; <strong>Resoluci\u00f3n 15<\/strong>: <a href=\"https:\/\/cdap.org.py\/wp-content\/uploads\/2026\/01\/Resolucion-15-Reconocimiento-Movimiento-Itapua.pdf\">Reconocimiento Movimiento &#8211; Itap\u00faa<\/a><\/td><\/tr><\/tbody><\/table><\/figure>\n","protected":false},"excerpt":{"rendered":"<p>Consultar Documento: &#8211; Resoluci\u00f3n 14: Cronograma Electoral &#8211; Itap\u00faa &#8211; Resoluci\u00f3n 15: Reconocimiento Movimiento &#8211; Itap\u00faa<\/p>\n","protected":false},"author":1,"featured_media":0,"parent":0,"menu_order":0,"comment_status":"closed","ping_status":"closed","template":"","meta":{"_crdt_document":"","om_disable_all_campaigns":false,"footnotes":""},"class_list":["post-22755","page","type-page","status-publish","hentry"],"_links":{"self":[{"href":"https:\/\/cdap.org.py\/index.php?rest_route=\/wp\/v2\/pages\/22755","targetHints":{"allow":["GET"]}}],"collection":[{"href":"https:\/\/cdap.org.py\/index.php?rest_route=\/wp\/v2\/pages"}],"about":[{"href":"https:\/\/cdap.org.py\/index.php?rest_route=\/wp\/v2\/types\/page"}],"author":[{"embeddable":true,"href":"https:\/\/cdap.org.py\/index.php?rest_route=\/wp\/v2\/users\/1"}],"replies":[{"embeddable":true,"href":"https:\/\/cdap.org.py\/index.php?rest_route=%2Fwp%2Fv2%2Fcomments&post=22755"}],"version-history":[{"count":1,"href":"https:\/\/cdap.org.py\/index.php?rest_route=\/wp\/v2\/pages\/22755\/revisions"}],"predecessor-version":[{"id":22758,"href":"https:\/\/cdap.org.py\/index.php?rest_route=\/wp\/v2\/pages\/22755\/revisions\/22758"}],"wp:attachment":[{"href":"https:\/\/cdap.org.py\/index.php?rest_route=%2Fwp%2Fv2%2Fmedia&parent=22755"}],"curies":[{"name":"wp","href":"https:\/\/api.w.org\/{rel}","templated":true}]}}