{"id":20955,"date":"2019-10-23T09:35:54","date_gmt":"2019-10-23T12:35:54","guid":{"rendered":"http:\/\/10.11.12.20\/?page_id=20955"},"modified":"2020-03-14T16:24:16","modified_gmt":"2020-03-14T19:24:16","slug":"carrera-principal","status":"publish","type":"page","link":"https:\/\/cdap.org.py\/?page_id=20955","title":{"rendered":"Carrera Principal"},"content":{"rendered":"\n<p style=\"font-size:24px\" class=\"has-text-align-center wp-block-paragraph\"><strong>T\u00c9CNICO SUPERIOR EN ADMINISTRACI\u00d3N ADUANERA Y COMERCIO EXTERIOR<\/strong><\/p>\n\n\n\n<p class=\"has-medium-font-size wp-block-paragraph\"><strong><em>EL T\u00c9CNICO SUPERIOR &nbsp;EN ADMINISTRACI\u00d3N DE ADUANERA Y COMERCIO EXTERIOR, ES UNA CARRERA INNOVADORA, CREATIVA Y EXCLUSIVA DONDE LE PERMITE AL ESTUDIANTE CONOCER EL SISTEMA DE LA GESTI\u00d3N ADUANERA<\/em><\/strong><\/p>\n\n\n\n<p class=\"has-medium-font-size wp-block-paragraph\"><strong><em>El T\u00e9cnico Superior en Administraci\u00f3n Aduanera y Comercio Exterior, surge de la necesidad de otorgar a los Despachantes de Aduana del Paraguay, una oportunidad de acceder a t\u00edtulos profesionales acorde a la exigencia del mercado globalizado.&nbsp;Con la demanda existente en el mercado, debemos cubrir la gesti\u00f3n de servicio eficiente<\/em><\/strong>.<\/p>\n\n\n\n<p class=\"has-medium-font-size wp-block-paragraph\"><strong><em>El T\u00e9cnico Superior en Administraci\u00f3n Aduanera y Comercio Exterior es un recurso indispensable para el asesoramiento integral en la obtenci\u00f3n y direccionamiento de nuevos mercados a los exportadores; debe compenetrarse con los mercados internacionales de manera a colaborar en la b\u00fasqueda de ventajas competitivas y de facilitaci\u00f3n a la importaci\u00f3n&nbsp; avanzando cada d\u00edas m\u00e1s hasta convertir&nbsp; la&nbsp; gesti\u00f3n en un verdadero servicio&nbsp; de log\u00edstica integral con la incorporaci\u00f3n de alianzas estrat\u00e9gicas con los dem\u00e1s actores de la cadena de suministros del Comercio Internacional.<\/em><\/strong><\/p>\n\n\n\n<p class=\"has-medium-font-size wp-block-paragraph\"><strong>&nbsp;<em>El T\u00e9cnico Superior en Administraci\u00f3n Aduanera y Comercio Exterior, realiza en los diferentes escenarios&nbsp; una gesti\u00f3n comercial tanto aduanera como de importaci\u00f3n y exportaci\u00f3n, aplicando estrategias, tomando decisiones, gerenciando conflictos, estableciendo negociaciones en los deferentes niveles jer\u00e1rquicos, administrativos y de operaciones.<\/em><\/strong><\/p>\n\n\n\n<p class=\"has-medium-font-size wp-block-paragraph\"><strong><em>Sobre esta premisa, es la que debemos sostener la implantaci\u00f3n de un nuevo concepto de servicios profesionales del Despachante, habida cuenta que los cambios producidos hasta la fecha, nos demuestran la necesidad de una innovaci\u00f3n hacia el concepto tradicional que presenta el Despachante ante el entorno operativo comercial.<\/em><\/strong><\/p>\n\n\n\n<p class=\"has-medium-font-size wp-block-paragraph\"><strong><em>&nbsp;DURACI\u00d3N DEL PLAN DE ESTUDIOS:<\/em><\/strong><em>&nbsp;Tres a\u00f1os<\/em><\/p>\n\n\n\n<p class=\"has-medium-font-size wp-block-paragraph\"><strong>TITULO:<\/strong> \u201cT\u00e9cnico Superior en Administraci\u00f3n Aduanera y Comercio Exterior\u201d<\/p>\n\n\n\n<p class=\"has-medium-font-size wp-block-paragraph\"><strong><em>&nbsp;Los&nbsp;t\u00edtulos&nbsp;que otorgamos son oficiales de&nbsp;Validez Nacional- que tiene acceso a continuar tus estudios a Nivel Superior Universitarios.<\/em><\/strong><\/p>\n\n\n\n<p class=\"has-medium-font-size wp-block-paragraph\"><strong><em>CARACTERIZACI\u00d3N DEL EGRESADO:&nbsp;<\/em><\/strong><em>dominio operacional en materia aduanera, r\u00e9gimen general, r\u00e9gimen tributario aduanero y r\u00e9gimen penal aduanero.<\/em><\/p>\n\n\n\n<p class=\"has-medium-font-size wp-block-paragraph\"><strong>COMPETENCIA DEL TITULO:<\/strong>&nbsp;El graduado podr\u00e1 desempe\u00f1arse en forma independiente, o en relaci\u00f3n de dependencia para la toma de decisiones o el asesoramiento en materia de r\u00e9gimen y operativa aduanera.<\/p>\n","protected":false},"excerpt":{"rendered":"<p>T\u00c9CNICO SUPERIOR EN ADMINISTRACI\u00d3N ADUANERA Y COMERCIO EXTERIOR EL T\u00c9CNICO SUPERIOR &nbsp;EN ADMINISTRACI\u00d3N DE ADUANERA Y COMERCIO EXTERIOR, ES UNA CARRERA INNOVADORA, CREATIVA Y EXCLUSIVA DONDE LE PERMITE AL ESTUDIANTE CONOCER EL SISTEMA DE LA GESTI\u00d3N ADUANERA El T\u00e9cnico Superior en Administraci\u00f3n Aduanera y Comercio Exterior, surge de la necesidad de otorgar a los Despachantes [&hellip;]<\/p>\n","protected":false},"author":1,"featured_media":0,"parent":0,"menu_order":0,"comment_status":"closed","ping_status":"closed","template":"","meta":{"_crdt_document":"","om_disable_all_campaigns":false,"footnotes":""},"class_list":["post-20955","page","type-page","status-publish","hentry"],"_links":{"self":[{"href":"https:\/\/cdap.org.py\/index.php?rest_route=\/wp\/v2\/pages\/20955","targetHints":{"allow":["GET"]}}],"collection":[{"href":"https:\/\/cdap.org.py\/index.php?rest_route=\/wp\/v2\/pages"}],"about":[{"href":"https:\/\/cdap.org.py\/index.php?rest_route=\/wp\/v2\/types\/page"}],"author":[{"embeddable":true,"href":"https:\/\/cdap.org.py\/index.php?rest_route=\/wp\/v2\/users\/1"}],"replies":[{"embeddable":true,"href":"https:\/\/cdap.org.py\/index.php?rest_route=%2Fwp%2Fv2%2Fcomments&post=20955"}],"version-history":[{"count":3,"href":"https:\/\/cdap.org.py\/index.php?rest_route=\/wp\/v2\/pages\/20955\/revisions"}],"predecessor-version":[{"id":21516,"href":"https:\/\/cdap.org.py\/index.php?rest_route=\/wp\/v2\/pages\/20955\/revisions\/21516"}],"wp:attachment":[{"href":"https:\/\/cdap.org.py\/index.php?rest_route=%2Fwp%2Fv2%2Fmedia&parent=20955"}],"curies":[{"name":"wp","href":"https:\/\/api.w.org\/{rel}","templated":true}]}}