{"id":20953,"date":"2019-10-23T09:35:13","date_gmt":"2019-10-23T12:35:13","guid":{"rendered":"http:\/\/10.11.12.20\/?page_id=20953"},"modified":"2022-01-19T14:14:08","modified_gmt":"2022-01-19T17:14:08","slug":"nuestro-instituto","status":"publish","type":"page","link":"https:\/\/cdap.org.py\/?page_id=20953","title":{"rendered":"Nuestro Instituto"},"content":{"rendered":"\n<p class=\"has-text-align-center has-medium-font-size wp-block-paragraph\">El Centro de Despachantes de Aduana del Paraguay, desarrolla en su sede principal, sito en Ayolas Nro. 173 entre Presidente Franco y Benjam\u00edn Constan, un destacado rol en el \u00e1mbito de la educaci\u00f3n y de la capacitaci\u00f3n. Desde su creaci\u00f3n en 1993 ya se perfilaba su compromiso con la sociedad a trav\u00e9s de la visi\u00f3n futurista de un grupo de miembros destacados cuyas visiones hacia la constante competitividad, se enmarcaban dentro de los escenarios de una constante capacitaci\u00f3n y formaci\u00f3n profesional, de all\u00ed nace el Departamento de Educaci\u00f3n y Capacitaci\u00f3n Profesional, que inicia sus actividades integrando un plan de estudios, que m\u00e1s tarde ser\u00eda reconocido oficialmente por la Direcci\u00f3n Nacional de Aduanas&nbsp; como carrera habilitada para ejercer la gesti\u00f3n operativa de los despachantes en todas la Aduanas habilitadas dentro del territorio nacional.<\/p>\n\n\n\n<p class=\"has-text-align-center has-medium-font-size wp-block-paragraph\">En el a\u00f1o 2009 se crea el Instituto T\u00e9cnico Superior en Administraci\u00f3n Aduanera y Comercio Internacional, entidad Privada del Centro de OLYMPUS DIGITAL CAMERA Despachantes de Aduana del Paraguay, el cual fue reconocido por Resoluci\u00f3n. Nro. 1392 del Ministerio de Educaci\u00f3n y Cultura. Su objetivo principal es brindar estudios T\u00e9cnico superiores, para la formaci\u00f3n de profesionales en el \u00e1mbito de las actividades vinculadas al Despachante y de la Gesti\u00f3n Aduanera<\/p>\n\n\n\n<p class=\"has-text-align-center has-medium-font-size wp-block-paragraph\">En sus claustros est\u00e1 privilegiada la excelencia acad\u00e9mica a trav\u00e9s de una educaci\u00f3n integral, basada en conocimientos s\u00f3lidos para la toma de decisiones y el desarrollo de un esp\u00edritu cr\u00edtico.<\/p>\n\n\n\n<p class=\"has-text-align-center has-medium-font-size wp-block-paragraph\">El hecho de que el Instituto Privado pertenezca al Centro de Despachantes de Aduana del Paraguay permite&nbsp;&nbsp; visionar los grandes cambios generados en materia de la profesi\u00f3n, como tambi\u00e9n de las exigencias operativas requeridas del profesional en el mundo globalizado, capaz de enfrentar los desaf\u00edos hacia una integraci\u00f3n sin fronteras en el \u00e1mbito del Comercio Internacional.<\/p>\n\n\n\n<p class=\"has-text-align-center has-medium-font-size wp-block-paragraph\">Nuestro decidido \u00edmpetu de seguir apostando a ofrecer nuevas alternativas a esta noble profesi\u00f3n del Despachante de Aduanas y de propiciar una nueva era del rol en este siglo XXI, atendiendo que el saber no tiene l\u00edmites, nos impulsa hacia la perspectiva de la creaci\u00f3n del nivel Universitario, paso trascendental para lograr la calificaci\u00f3n internacional del Despachante de Aduanas Paraguayo, en el mundo globalizado de este nuevo siglo.<\/p>\n","protected":false},"excerpt":{"rendered":"<p>El Centro de Despachantes de Aduana del Paraguay, desarrolla en su sede principal, sito en Ayolas Nro. 173 entre Presidente Franco y Benjam\u00edn Constan, un destacado rol en el \u00e1mbito de la educaci\u00f3n y de la capacitaci\u00f3n. Desde su creaci\u00f3n en 1993 ya se perfilaba su compromiso con la sociedad a trav\u00e9s de la visi\u00f3n [&hellip;]<\/p>\n","protected":false},"author":1,"featured_media":0,"parent":0,"menu_order":0,"comment_status":"closed","ping_status":"closed","template":"","meta":{"_crdt_document":"","om_disable_all_campaigns":false,"footnotes":""},"class_list":["post-20953","page","type-page","status-publish","hentry"],"_links":{"self":[{"href":"https:\/\/cdap.org.py\/index.php?rest_route=\/wp\/v2\/pages\/20953","targetHints":{"allow":["GET"]}}],"collection":[{"href":"https:\/\/cdap.org.py\/index.php?rest_route=\/wp\/v2\/pages"}],"about":[{"href":"https:\/\/cdap.org.py\/index.php?rest_route=\/wp\/v2\/types\/page"}],"author":[{"embeddable":true,"href":"https:\/\/cdap.org.py\/index.php?rest_route=\/wp\/v2\/users\/1"}],"replies":[{"embeddable":true,"href":"https:\/\/cdap.org.py\/index.php?rest_route=%2Fwp%2Fv2%2Fcomments&post=20953"}],"version-history":[{"count":8,"href":"https:\/\/cdap.org.py\/index.php?rest_route=\/wp\/v2\/pages\/20953\/revisions"}],"predecessor-version":[{"id":21795,"href":"https:\/\/cdap.org.py\/index.php?rest_route=\/wp\/v2\/pages\/20953\/revisions\/21795"}],"wp:attachment":[{"href":"https:\/\/cdap.org.py\/index.php?rest_route=%2Fwp%2Fv2%2Fmedia&parent=20953"}],"curies":[{"name":"wp","href":"https:\/\/api.w.org\/{rel}","templated":true}]}}