{"id":19781,"date":"2019-04-06T10:57:55","date_gmt":"2019-04-06T10:57:55","guid":{"rendered":"http:\/\/10.11.12.20\/?page_id=19781"},"modified":"2020-03-14T16:43:52","modified_gmt":"2020-03-14T19:43:52","slug":"contact","status":"publish","type":"page","link":"https:\/\/cdap.org.py\/?page_id=19781","title":{"rendered":"Contacto"},"content":{"rendered":"<div class=\"wpb-content-wrapper\"><section data-vc-full-width=\"true\" data-vc-full-width-init=\"false\" class=\"vc_section vc_custom_1554548317497 vc_section-has-fill\"><div  style='background-position: right bottom !important;background-repeat: no-repeat !important;'  data-delay=\"0\" data-vc-full-width=\"true\" data-vc-full-width-init=\"false\" class=\"vc_row wpb_row vc_row-fluid dt_contact-form-wrapper\"><div class=\"wpb_column vc_column_container vc_col-sm-12\" data-delay=\"0\"><div class=\"vc_column-inner \"><div class=\"wpb_wrapper\"><div class='dt-sc-title with-separator-bottom  aligncenter' data-delay='0'><h2 class='dt-sc-main-heading'>Contactenos<\/h2><h3 class='dt-sc-sub-heading'><\/h3><\/div><div id=\"1554548690184-0ea2bc36-a0c0\" class=\"dt-sc-empty-space\"><\/div><\/div><\/div><\/div><\/div><div class=\"vc_row-full-width vc_clearfix\"><\/div><div  data-delay=\"0\" data-vc-parallax=\"1.5\" class=\"vc_row wpb_row vc_row-fluid vc_row-has-fill vc_general vc_parallax vc_parallax-content-moving\"><div class=\"dt-sc-dark-bg dt-skin-secondary-bg dt_contact-info-sec rs_col-sm-12 wpb_column vc_column_container vc_col-sm-6\" data-delay=\"0\"><div class=\"vc_column-inner \"><div class=\"wpb_wrapper\"><div id=\"1580308319624-ea38af30-b6b0\" class=\"dt-sc-empty-space\"><\/div><h3 style=\"font-size: 26px;text-align: center\" class=\"vc_custom_heading dt-sc-skin-color\" >Asunci\u00f3n<\/h3>\n\t<div class=\"wpb_text_column wpb_content_element \" >\n\t\t<div class=\"wpb_wrapper\">\n\t\t\t<p>El Centro de Despachantes de Aduana del Paraguay, pone a disposici\u00f3n sus lineas de contactos.<\/p>\n\n\t\t<\/div>\n\t<\/div>\n<div class=\"vc_row wpb_row vc_inner vc_row-fluid\"><div class=\"wpb_column vc_column_container vc_col-sm-6\"><div class=\"vc_column-inner vc_custom_1554552292922\"><div class=\"wpb_wrapper\"><div class='dt-sc-contact-info   type1' data-delay='0'><span class='fa fa-building'> <\/span><h6>Direcci\u00f3n<\/h6><ul>\n<li><strong>Oficinas Administrativas<\/strong><br>\nMontevideo 173<br>\nEdificio Boqueron 4to. Piso<\/li>\n<li><strong>ITSAACI<\/strong><br>\nAyolas 173<br>\nEdificio Ayfra &#8211; Planta Baja<\/li>\n<\/ul><\/div><div id=\"1580306373014-fadd7173-02fd\" class=\"dt-sc-empty-space\"><\/div><div class='dt-sc-contact-info   type1' data-delay='0'><span class='fa fa-envelope-square'> <\/span><h6>Correos<\/h6><a href=\"mailto:presidencia@cdap.org.py\">presidencia@cdap.org.py<\/a>\n<a href=\"mailto:secretaria@cdap.org.py\">secretaria@cdap.org.py<\/a>\n<a href=\"mailto:informatica@cdap.org.py\">informatica@cdap.org.py<\/a>\n<a href=\"mailto:educacion@cdap.org.py\">educacion@cdap.org.py<\/a><\/div><\/div><\/div><\/div><div class=\"wpb_column vc_column_container vc_col-sm-6\"><div class=\"vc_column-inner vc_custom_1554552300407\"><div class=\"wpb_wrapper\"><div class='dt-sc-contact-info   type1' data-delay='0'><span class='fa fa-phone-square'> <\/span><h6>Tel\u00e9fonos<\/h6><ul>\n<li><strong>Oficinas Administrativas<\/strong><br>\n021-441-829<br>\n021-490-261<br><\/li>\n<li><strong>ITSAACI<\/strong><br>\n021-491-432<br>\n021-441-829<br><\/li>\n<\/ul><\/div><div id=\"1580306373260-307b8a23-bea5\" class=\"dt-sc-empty-space\"><\/div><div class='dt-sc-contact-info   type1' data-delay='0'><span class='fa fa-clock-o'> <\/span><h6>Horario de Atenci\u00f3n<\/h6>Lunes a Viernes 08:00 a 17:00 hs.<\/div><\/div><\/div><\/div><\/div><div id=\"1580308360980-389cbd27-918c\" class=\"dt-sc-empty-space\"><\/div><\/div><\/div><\/div><div class=\"wpb_column vc_column_container vc_col-sm-6\" data-delay=\"0\"><div class=\"vc_column-inner \"><div class=\"wpb_wrapper\"><h3 style=\"font-size: 26px;text-align: center\" class=\"vc_custom_heading dt-sc-skin-color\" >Secretarias Externas<\/h3><div id=\"1580308325478-ab1d7c25-69aa\" class=\"dt-sc-empty-space\"><\/div><div class=\"vc_row wpb_row vc_inner vc_row-fluid\"><div class=\"wpb_column vc_column_container vc_col-sm-6\"><div class=\"vc_column-inner vc_custom_1554552292922\"><div class=\"wpb_wrapper\"><div class='dt-sc-contact-info   type1' data-delay='0'><span class='fa fa-building'> <\/span><h6>Centro P\u00fablico Boquer\u00f3n<\/h6><strong>Tel\u00e9fono:<\/strong> 021 &#8211; 441 829 int 125<\/div><div class='dt-sc-contact-info   type1' data-delay='0'><span class='fa fa-building'> <\/span><h6>Edificio Col\u00f3n<\/h6><strong>Tel\u00e9fono:<\/strong> 021 &#8211; 450 314<\/div><div class='dt-sc-contact-info   type1' data-delay='0'><span class='fa fa-building'> <\/span><h6>Aduana Capital<\/h6><strong>Tel\u00e9fono:<\/strong> 021 &#8211; 490 218<\/div><div class='dt-sc-contact-info   type1' data-delay='0'><span class='fa fa-building'> <\/span><h6>Aduana Paksa<\/h6><strong>Tel\u00e9fono:<\/strong> 021 &#8211; 420 841 int 120<\/div><div class='dt-sc-contact-info   type1' data-delay='0'><span class='fa fa-building'> <\/span><h6>Aduana Puerto Falc\u00f3n<\/h6><strong>Tel\u00e9fono:<\/strong> 021 &#8211; 499 161<\/div><div class='dt-sc-contact-info   type1' data-delay='0'><span class='fa fa-building'> <\/span><h6>Aduana Terport - San Antonio<\/h6><strong>Tel\u00e9fono:<\/strong> 021 &#8211; 969 083<\/div><\/div><\/div><\/div><div class=\"wpb_column vc_column_container vc_col-sm-6\"><div class=\"vc_column-inner vc_custom_1554552300407\"><div class=\"wpb_wrapper\"><div class='dt-sc-contact-info   type1' data-delay='0'><span class='fa fa-building'> <\/span><h6>Aduana Terport Villeta<\/h6><strong>Tel\u00e9fono:<\/strong> 021 &#8211; 235 4000 &#8211; int 4205<\/div><div class='dt-sc-contact-info   type1' data-delay='0'><span class='fa fa-building'> <\/span><h6>Aduana Caacupemi<\/h6><strong>Tel\u00e9fono:<\/strong> 021 &#8211; 276 350<\/div><div class='dt-sc-contact-info   type1' data-delay='0'><span class='fa fa-building'> <\/span><h6>Aduana Puerto Fenix<\/h6><strong>Tel\u00e9fono:<\/strong> 021 &#8211; 752 816 int 1<\/div><div class='dt-sc-contact-info   type1' data-delay='0'><span class='fa fa-building'> <\/span><h6>Aduana Puerto Seguro Terrestre<\/h6><strong>Tel\u00e9fono:<\/strong> 021 &#8211; 238 1708<\/div><div class='dt-sc-contact-info   type1' data-delay='0'><span class='fa fa-building'> <\/span><h6>Aduana Aeropuerto Silvio Pettirosi<\/h6><strong>Tel\u00e9fono:<\/strong> 021 &#8211; 688 2156<\/div><\/div><\/div><\/div><\/div><div id=\"1580308366139-1edc8392-644e\" class=\"dt-sc-empty-space\"><\/div><\/div><\/div><\/div><\/div><\/section><div class=\"vc_row-full-width vc_clearfix\"><\/div><div  data-delay=\"0\" class=\"vc_row wpb_row vc_row-fluid\"><div class=\"wpb_column vc_column_container vc_col-sm-12\" data-delay=\"0\"><div class=\"vc_column-inner \"><div class=\"wpb_wrapper\"><div id=\"1554548322339-f8f5878d-dad5\" class=\"dt-sc-empty-space\"><\/div><\/div><\/div><\/div><\/div><div  data-delay=\"0\" class=\"vc_row wpb_row vc_row-fluid\"><div class=\"wpb_column vc_column_container vc_col-sm-12\" data-delay=\"0\"><div class=\"vc_column-inner \"><div class=\"wpb_wrapper\"><div class='dt-sc-title with-separator-bottom  aligncenter' data-delay='0'><h2 class='dt-sc-main-heading'>Secretarias Externas - Filiales Departamentales<\/h2><h3 class='dt-sc-sub-heading'><\/h3><\/div><div id=\"1554548690184-0ea2bc36-a0c0\" class=\"dt-sc-empty-space\"><\/div><\/div><\/div><\/div><\/div><div  data-delay=\"0\" class=\"vc_row wpb_row vc_row-fluid vc_custom_1554703222953\"><div class=\"rs_col-sm-6 wpb_column vc_column_container vc_col-sm-3\" data-delay=\"0\"><div class=\"vc_column-inner \"><div class=\"wpb_wrapper\"><div class=\"vc_row wpb_row vc_inner vc_row-fluid dt_contact-info-wrapper vc_custom_1554703125520\"><div class=\"dt_contact-info-title wpb_column vc_column_container vc_col-sm-12 vc_col-has-fill\"><div class=\"vc_column-inner vc_custom_1554706925991\"><div class=\"wpb_wrapper\"><div id=\"1554705421217-4a32076c-4286\" class=\"dt-sc-empty-space\"><\/div><h3 style=\"font-size: 26px;color: #ffffff;text-align: center\" class=\"vc_custom_heading uppercase vc_custom_1580307188135\" >Encarnaci\u00f3n<\/h3><div id=\"1554705421273-904f5082-52ae\" class=\"dt-sc-empty-space\"><\/div><\/div><\/div><\/div><div class=\"dt_contact-info dt-sc-dark-bg dt-skin-secondary-bg wpb_column vc_column_container vc_col-sm-12\"><div class=\"vc_column-inner vc_custom_1554705667445\"><div class=\"wpb_wrapper\"><div id=\"1580837167389-203d9ba5-efdd\" class=\"dt-sc-empty-space\"><\/div><div class='dt-sc-contact-info   type1' data-delay='0'><span class='fa fa-building'> <\/span><h6>Filial Departamental Itap\u00fa<\/h6><strong>Tel\u00e9fono<\/strong>: 071 &#8211; 200 583 <br><\/div><div id=\"1580837183825-1e759b56-d764\" class=\"dt-sc-empty-space\"><\/div><div class='dt-sc-contact-info   type1' data-delay='0'><span class='fa fa-building'> <\/span><h6>Secretar\u00eda CDAP - Aduana Encarnaci\u00f3n<\/h6><strong>Tel\u00e9fono<\/strong>: 021 &#8211; 416 2667 <br><\/p>\n<p><strong>Celular<\/strong>: 0983 &#8211; 594 100<\/div><div id=\"1580837192550-0a26458e-a1f8\" class=\"dt-sc-empty-space\"><\/div><\/div><\/div><\/div><\/div><\/div><\/div><\/div><div class=\"rs_col-sm-6 wpb_column vc_column_container vc_col-sm-3\" data-delay=\"0\"><div class=\"vc_column-inner \"><div class=\"wpb_wrapper\"><div class=\"vc_row wpb_row vc_inner vc_row-fluid dt_contact-info-wrapper vc_custom_1554703125520\"><div class=\"dt_contact-info-title wpb_column vc_column_container vc_col-sm-12 vc_col-has-fill\"><div class=\"vc_column-inner vc_custom_1554706925991\"><div class=\"wpb_wrapper\"><div id=\"1572015761176-97c4f55c-bd4c\" class=\"dt-sc-empty-space\"><\/div><h3 style=\"font-size: 26px;color: #ffffff;text-align: center\" class=\"vc_custom_heading uppercase vc_custom_1580837023194\" >Ciudad del Este<\/h3><div id=\"1572015761466-8a1aa593-31e2\" class=\"dt-sc-empty-space\"><\/div><\/div><\/div><\/div><div class=\"dt_contact-info dt-sc-dark-bg dt-skin-secondary-bg wpb_column vc_column_container vc_col-sm-12\"><div class=\"vc_column-inner vc_custom_1554705667445\"><div class=\"wpb_wrapper\"><div id=\"1572015761708-f4423cff-63cb\" class=\"dt-sc-empty-space\"><\/div><div class='dt-sc-contact-info   type1' data-delay='0'><span class='fa fa-building'> <\/span><h6>Filial Departamental Alto Paran\u00e1<\/h6><strong>Tel\u00e9fono<\/strong>: 061 &#8211; 510 611 <br><\/div><div id=\"1572015761939-f03b37eb-5dfa\" class=\"dt-sc-empty-space\"><\/div><div class='dt-sc-contact-info   type1' data-delay='0'><span class='fa fa-building'> <\/span><h6>Secretar\u00eda CDAP - Aduana Aeropuerto Guaran\u00ed<\/h6><strong>Tel\u00e9fono<\/strong>: 0973 &#8211; 215 301 <br><\/div><div id=\"1572015762190-a1394598-5fef\" class=\"dt-sc-empty-space\"><\/div><\/div><\/div><\/div><\/div><\/div><\/div><\/div><div class=\"rs_col-sm-6 wpb_column vc_column_container vc_col-sm-3\" data-delay=\"0\"><div class=\"vc_column-inner \"><div class=\"wpb_wrapper\"><div class=\"vc_row wpb_row vc_inner vc_row-fluid dt_contact-info-wrapper vc_custom_1554703125520\"><div class=\"dt_contact-info-title wpb_column vc_column_container vc_col-sm-12 vc_col-has-fill\"><div class=\"vc_column-inner vc_custom_1554706925991\"><div class=\"wpb_wrapper\"><div id=\"1572015771892-d6543ec0-e114\" class=\"dt-sc-empty-space\"><\/div><h3 style=\"font-size: 26px;color: #ffffff;text-align: center\" class=\"vc_custom_heading uppercase vc_custom_1580837438073\" >Pedro Juan Caballero<\/h3><div id=\"1572015772144-119d11b2-94c9\" class=\"dt-sc-empty-space\"><\/div><\/div><\/div><\/div><div class=\"dt_contact-info dt-sc-dark-bg dt-skin-secondary-bg wpb_column vc_column_container vc_col-sm-12\"><div class=\"vc_column-inner vc_custom_1554705667445\"><div class=\"wpb_wrapper\"><div id=\"1580837394730-c594eef3-dfc1\" class=\"dt-sc-empty-space\"><\/div><div class='dt-sc-contact-info   type1' data-delay='0'><span class='fa fa-building'> <\/span><h6>Filial Departamental Amambay<\/h6><strong>Tel\u00e9fono<\/strong>: 0336 &#8211; 273 383 <br><\/div><div id=\"1580837402903-4dad033f-98ad\" class=\"dt-sc-empty-space\"><\/div><div class='dt-sc-contact-info   type1' data-delay='0'><span class='fa fa-building'> <\/span><h6>Secretar\u00eda CDAP - Pedro Juan Caballero<\/h6><strong>Tel\u00e9fono<\/strong>: 0976 &#8211; 867 722 <br><\/div><div id=\"1580837411316-bbd29061-5c5d\" class=\"dt-sc-empty-space\"><\/div><\/div><\/div><\/div><\/div><\/div><\/div><\/div><div class=\"wpb_column vc_column_container vc_col-sm-3\" data-delay=\"0\"><div class=\"vc_column-inner \"><div class=\"wpb_wrapper\"><div class=\"vc_row wpb_row vc_inner vc_row-fluid dt_contact-info-wrapper vc_custom_1554703125520\"><div class=\"dt_contact-info-title wpb_column vc_column_container vc_col-sm-12 vc_col-has-fill\"><div class=\"vc_column-inner vc_custom_1554706925991\"><div class=\"wpb_wrapper\"><div id=\"1572015779467-35ca81a5-58ea\" class=\"dt-sc-empty-space\"><\/div><h3 style=\"font-size: 26px;color: #ffffff;text-align: center\" class=\"vc_custom_heading uppercase vc_custom_1580837720619\" >Salto del Guir\u00e1<\/h3><div id=\"1572015779723-3cecafb9-66c4\" class=\"dt-sc-empty-space\"><\/div><\/div><\/div><\/div><div class=\"dt_contact-info dt-sc-dark-bg dt-skin-secondary-bg wpb_column vc_column_container vc_col-sm-12\"><div class=\"vc_column-inner vc_custom_1554705667445\"><div class=\"wpb_wrapper\"><div id=\"1580837689782-2030566f-cdcc\" class=\"dt-sc-empty-space\"><\/div><div class='dt-sc-contact-info   type1' data-delay='0'><span class='fa fa-building'> <\/span><h6>Filial Departamental Canindey\u00fa<\/h6><strong>Tel\u00e9fono<\/strong>: 0985 &#8211; 317 604 <br><\/div><div id=\"1580837726464-4170a242-fb7b\" class=\"dt-sc-empty-space\"><\/div><\/div><\/div><\/div><\/div><\/div><\/div><\/div><\/div><div  data-delay=\"0\" class=\"vc_row wpb_row vc_row-fluid\"><div class=\"wpb_column vc_column_container vc_col-sm-12\" data-delay=\"0\"><div class=\"vc_column-inner \"><div class=\"wpb_wrapper\"><div id=\"1554706592010-d5f09412-3e18\" class=\"dt-sc-empty-space\"><\/div><\/div><\/div><\/div><\/div><div  data-delay=\"0\" class=\"vc_row wpb_row vc_row-fluid\"><div class=\"wpb_column vc_column_container vc_col-sm-12\" data-delay=\"0\"><div class=\"vc_column-inner \"><div class=\"wpb_wrapper\"><div class=\"vc_empty_space\"   style=\"height: 32px\"><span class=\"vc_empty_space_inner\"><\/span><\/div><\/div><\/div><\/div><\/div>\n<\/div>","protected":false},"excerpt":{"rendered":"<p>ContactenosAsunci\u00f3n El Centro de Despachantes de Aduana del Paraguay, pone a disposici\u00f3n sus lineas de contactos. Direcci\u00f3n Oficinas Administrativas Montevideo 173 Edificio Boqueron 4to. Piso ITSAACI Ayolas 173 Edificio Ayfra &#8211; Planta Baja Correospresidencia@cdap.org.py secretaria@cdap.org.py informatica@cdap.org.py educacion@cdap.org.py Tel\u00e9fonos Oficinas Administrativas 021-441-829 021-490-261 ITSAACI 021-491-432 021-441-829 Horario de Atenci\u00f3nLunes a Viernes 08:00 a 17:00 hs.Secretarias Externas [&hellip;]<\/p>\n","protected":false},"author":1,"featured_media":0,"parent":0,"menu_order":0,"comment_status":"closed","ping_status":"closed","template":"","meta":{"_crdt_document":"","om_disable_all_campaigns":false,"footnotes":""},"class_list":["post-19781","page","type-page","status-publish","hentry"],"_links":{"self":[{"href":"https:\/\/cdap.org.py\/index.php?rest_route=\/wp\/v2\/pages\/19781","targetHints":{"allow":["GET"]}}],"collection":[{"href":"https:\/\/cdap.org.py\/index.php?rest_route=\/wp\/v2\/pages"}],"about":[{"href":"https:\/\/cdap.org.py\/index.php?rest_route=\/wp\/v2\/types\/page"}],"author":[{"embeddable":true,"href":"https:\/\/cdap.org.py\/index.php?rest_route=\/wp\/v2\/users\/1"}],"replies":[{"embeddable":true,"href":"https:\/\/cdap.org.py\/index.php?rest_route=%2Fwp%2Fv2%2Fcomments&post=19781"}],"version-history":[{"count":63,"href":"https:\/\/cdap.org.py\/index.php?rest_route=\/wp\/v2\/pages\/19781\/revisions"}],"predecessor-version":[{"id":21411,"href":"https:\/\/cdap.org.py\/index.php?rest_route=\/wp\/v2\/pages\/19781\/revisions\/21411"}],"wp:attachment":[{"href":"https:\/\/cdap.org.py\/index.php?rest_route=%2Fwp%2Fv2%2Fmedia&parent=19781"}],"curies":[{"name":"wp","href":"https:\/\/api.w.org\/{rel}","templated":true}]}}