{"id":19276,"date":"2019-03-29T05:15:43","date_gmt":"2019-03-29T05:15:43","guid":{"rendered":"http:\/\/10.11.12.20\/?page_id=19276"},"modified":"2026-05-11T09:53:28","modified_gmt":"2026-05-11T12:53:28","slug":"home","status":"publish","type":"page","link":"https:\/\/cdap.org.py\/","title":{"rendered":"Inicio"},"content":{"rendered":"<div class=\"wpb-content-wrapper\"><section class=\"vc_section\"><div  data-delay=\"0\" class=\"vc_row wpb_row vc_row-fluid\"><div class=\"wpb_column vc_column_container vc_col-sm-8\" data-delay=\"0\"><div class=\"vc_column-inner \"><div class=\"wpb_wrapper\"><h3 class=\" \" data-delay='0'>Bolet\u00edn<\/h3>\n<div class=\"vc_grid-container-wrapper vc_clearfix vc_grid-animation-fadeIn\">\n\t<div class=\"vc_grid-container vc_clearfix wpb_content_element vc_basic_grid\" data-initial-loading-animation=\"fadeIn\" data-vc-grid-settings=\"{&quot;page_id&quot;:19276,&quot;style&quot;:&quot;lazy&quot;,&quot;action&quot;:&quot;vc_get_vc_grid_data&quot;,&quot;shortcode_id&quot;:&quot;1778503774222-108e9ac1-e40f-10&quot;,&quot;items_per_page&quot;:&quot;6&quot;,&quot;tag&quot;:&quot;vc_basic_grid&quot;}\" data-vc-request=\"https:\/\/cdap.org.py\/wp-admin\/admin-ajax.php\" data-vc-post-id=\"19276\" data-vc-public-nonce=\"dd083cfd54\">\n\t\t<style data-type=\"vc_shortcodes-custom-css\">.vc_custom_1419329081651{background-color: #2b2b2b !important;}<\/style><div class=\"vc_grid vc_row vc_grid-gutter-5px vc_pageable-wrapper vc_hook_hover\" data-vc-pageable-content=\"true\"><div class=\"vc_pageable-slide-wrapper vc_clearfix\" data-vc-grid-content=\"true\"><div class=\"vc_grid-item vc_clearfix vc_col-sm-2\"><div class=\"vc_grid-item-mini vc_clearfix \"><div class=\"vc_gitem-animated-block  vc_gitem-animate vc_gitem-animate-goTop20\"  data-vc-animation=\"goTop20\"><div class=\"vc_gitem-zone vc_gitem-zone-a vc_gitem-is-link\" style=\"background-image: url('https:\/\/cdap.org.py\/wp-content\/uploads\/2025\/09\/Com25.jpg') !important;\"><a href=\"https:\/\/cdap.org.py\/?p=22681\" title=\"Charla sobre Operaciones de Comercio\" class=\"vc_gitem-link vc-zone-link\" ><\/a><img decoding=\"async\" class=\"vc_gitem-zone-img\" src=\"https:\/\/cdap.org.py\/wp-content\/uploads\/2025\/09\/Com25.jpg\" alt=\"Charla sobre Operaciones de Comercio\" loading=\"lazy\"><div class=\"vc_gitem-zone-mini\"><\/div><\/div><div class=\"vc_gitem-zone vc_gitem-zone-b vc-gitem-zone-height-mode-auto vc_gitem-is-link\"><a href=\"https:\/\/cdap.org.py\/?p=22681\" title=\"Charla sobre Operaciones de Comercio\" class=\"vc_gitem-link vc-zone-link\" ><\/a><div class=\"vc_gitem-zone-mini\"><div class=\"vc_gitem_row vc_row vc_gitem-row-position-bottom\"><div class=\"vc_col-sm-12 vc_gitem-col vc_gitem-col-align- vc_custom_1419329081651\"><div class=\"vc_custom_heading vc_gitem-post-data vc_gitem-post-data-source-post_title\" ><div style=\"font-size: 20px;color: #ffffff;line-height: 1.3;text-align: left;font-family:Roboto;font-weight:500;font-style:normal\" >Charla sobre Operaciones de Comercio<\/div><\/div><div class=\"vc_custom_heading vc_gitem-post-data vc_gitem-post-data-source-post_excerpt\" ><div style=\"font-size: 14px;color: #efefef;line-height: 1.2;text-align: left;font-family:Roboto;font-weight:400;font-style:normal\" ><p>Estimados Asociados, El&nbsp;Centro de Despachantes de Aduana del Paraguay, en el marco de sus actividades de capacitaci\u00f3n y actualizaci\u00f3n profesional, tiene el honor de invitar a todos sus asociados a la&nbsp;Charla sobre Operaciones de Comercio, que estar\u00e1 a cargo del&nbsp;Lic. Luis Ojeda. Fecha:\u00a0Viernes, 26 de septiembreHorario:\u00a017:30 a 20:30 hsLugar:\u00a0Presencial \u2013 ITSAACI La actividad abordar\u00e1 aspectos [&hellip;]<\/p>\n<\/div><\/div><\/div><\/div><\/div><\/div><\/div><\/div><div class=\"vc_clearfix\"><\/div><\/div><div class=\"vc_grid-item vc_clearfix vc_col-sm-2\"><div class=\"vc_grid-item-mini vc_clearfix \"><div class=\"vc_gitem-animated-block  vc_gitem-animate vc_gitem-animate-goTop20\"  data-vc-animation=\"goTop20\"><div class=\"vc_gitem-zone vc_gitem-zone-a vc_gitem-is-link\" style=\"background-image: url('https:\/\/cdap.org.py\/wp-content\/uploads\/2025\/09\/Com35-25.jpg') !important;\"><a href=\"https:\/\/cdap.org.py\/?p=22667\" title=\"Resoluci\u00f3n General DNIT N.\u00ba 35\/2025\" class=\"vc_gitem-link vc-zone-link\" ><\/a><img decoding=\"async\" class=\"vc_gitem-zone-img\" src=\"https:\/\/cdap.org.py\/wp-content\/uploads\/2025\/09\/Com35-25.jpg\" alt=\"Resoluci\u00f3n General DNIT N.\u00ba 35\/2025\" loading=\"lazy\"><div class=\"vc_gitem-zone-mini\"><\/div><\/div><div class=\"vc_gitem-zone vc_gitem-zone-b vc-gitem-zone-height-mode-auto vc_gitem-is-link\"><a href=\"https:\/\/cdap.org.py\/?p=22667\" title=\"Resoluci\u00f3n General DNIT N.\u00ba 35\/2025\" class=\"vc_gitem-link vc-zone-link\" ><\/a><div class=\"vc_gitem-zone-mini\"><div class=\"vc_gitem_row vc_row vc_gitem-row-position-bottom\"><div class=\"vc_col-sm-12 vc_gitem-col vc_gitem-col-align- vc_custom_1419329081651\"><div class=\"vc_custom_heading vc_gitem-post-data vc_gitem-post-data-source-post_title\" ><div style=\"font-size: 20px;color: #ffffff;line-height: 1.3;text-align: left;font-family:Roboto;font-weight:500;font-style:normal\" >Resoluci\u00f3n General DNIT N.\u00ba 35\/2025<\/div><\/div><div class=\"vc_custom_heading vc_gitem-post-data vc_gitem-post-data-source-post_excerpt\" ><div style=\"font-size: 14px;color: #efefef;line-height: 1.2;text-align: left;font-family:Roboto;font-weight:400;font-style:normal\" ><p>DISTINGUIDOS ASOCIADOS Por la presente, se remite la&nbsp;Resoluci\u00f3n General N.\u00ba 35\/2025, de fecha 29\/08\/2025 \u00abPor la cual se modifica parcialmente la Resoluci\u00f3n General N\u00b0 30\/2025 \u00abPor la cual se establecen los requisitos y condiciones para la Habilitaci\u00f3n, Renovaci\u00f3n y Actualizaci\u00f3n en el Registro de las Personas Vinculadas a la Actividad Aduanera de la Direcci\u00f3n Nacional [&hellip;]<\/p>\n<\/div><\/div><\/div><\/div><\/div><\/div><\/div><\/div><div class=\"vc_clearfix\"><\/div><\/div><div class=\"vc_grid-item vc_clearfix vc_col-sm-2\"><div class=\"vc_grid-item-mini vc_clearfix \"><div class=\"vc_gitem-animated-block  vc_gitem-animate vc_gitem-animate-goTop20\"  data-vc-animation=\"goTop20\"><div class=\"vc_gitem-zone vc_gitem-zone-a vc_gitem-is-link\" style=\"background-image: url('https:\/\/cdap.org.py\/wp-content\/uploads\/2024\/09\/ConcuLogo.jpg') !important;\"><a href=\"https:\/\/cdap.org.py\/?p=22554\" title=\"Concurso de Logo CDAP 100 a\u00f1os\" class=\"vc_gitem-link vc-zone-link\" ><\/a><img decoding=\"async\" class=\"vc_gitem-zone-img\" src=\"https:\/\/cdap.org.py\/wp-content\/uploads\/2024\/09\/ConcuLogo.jpg\" alt=\"Concurso de Logo CDAP 100 a\u00f1os\" loading=\"lazy\"><div class=\"vc_gitem-zone-mini\"><\/div><\/div><div class=\"vc_gitem-zone vc_gitem-zone-b vc-gitem-zone-height-mode-auto vc_gitem-is-link\"><a href=\"https:\/\/cdap.org.py\/?p=22554\" title=\"Concurso de Logo CDAP 100 a\u00f1os\" class=\"vc_gitem-link vc-zone-link\" ><\/a><div class=\"vc_gitem-zone-mini\"><div class=\"vc_gitem_row vc_row vc_gitem-row-position-bottom\"><div class=\"vc_col-sm-12 vc_gitem-col vc_gitem-col-align- vc_custom_1419329081651\"><div class=\"vc_custom_heading vc_gitem-post-data vc_gitem-post-data-source-post_title\" ><div style=\"font-size: 20px;color: #ffffff;line-height: 1.3;text-align: left;font-family:Roboto;font-weight:500;font-style:normal\" >Concurso de Logo CDAP 100 a\u00f1os<\/div><\/div><div class=\"vc_custom_heading vc_gitem-post-data vc_gitem-post-data-source-post_excerpt\" ><div style=\"font-size: 14px;color: #efefef;line-height: 1.2;text-align: left;font-family:Roboto;font-weight:400;font-style:normal\" ><p>PDF: Bases y Condiciones<\/p>\n<\/div><\/div><\/div><\/div><\/div><\/div><\/div><\/div><div class=\"vc_clearfix\"><\/div><\/div><div class=\"vc_grid-item vc_clearfix vc_col-sm-2\"><div class=\"vc_grid-item-mini vc_clearfix \"><div class=\"vc_gitem-animated-block  vc_gitem-animate vc_gitem-animate-goTop20\"  data-vc-animation=\"goTop20\"><div class=\"vc_gitem-zone vc_gitem-zone-a vc_gitem-is-link\" style=\"background-image: url('https:\/\/cdap.org.py\/wp-content\/uploads\/2024\/09\/CurCom3.jpg') !important;\"><a href=\"https:\/\/cdap.org.py\/?p=22548\" title=\"RESOLUCI\u00d3N MIC N\u00b0 468\" class=\"vc_gitem-link vc-zone-link\" ><\/a><img decoding=\"async\" class=\"vc_gitem-zone-img\" src=\"https:\/\/cdap.org.py\/wp-content\/uploads\/2024\/09\/CurCom3.jpg\" alt=\"RESOLUCI\u00d3N MIC N\u00b0 468\" loading=\"lazy\"><div class=\"vc_gitem-zone-mini\"><\/div><\/div><div class=\"vc_gitem-zone vc_gitem-zone-b vc-gitem-zone-height-mode-auto vc_gitem-is-link\"><a href=\"https:\/\/cdap.org.py\/?p=22548\" title=\"RESOLUCI\u00d3N MIC N\u00b0 468\" class=\"vc_gitem-link vc-zone-link\" ><\/a><div class=\"vc_gitem-zone-mini\"><div class=\"vc_gitem_row vc_row vc_gitem-row-position-bottom\"><div class=\"vc_col-sm-12 vc_gitem-col vc_gitem-col-align- vc_custom_1419329081651\"><div class=\"vc_custom_heading vc_gitem-post-data vc_gitem-post-data-source-post_title\" ><div style=\"font-size: 20px;color: #ffffff;line-height: 1.3;text-align: left;font-family:Roboto;font-weight:500;font-style:normal\" >RESOLUCI\u00d3N MIC N\u00b0 468<\/div><\/div><div class=\"vc_custom_heading vc_gitem-post-data vc_gitem-post-data-source-post_excerpt\" ><div style=\"font-size: 14px;color: #efefef;line-height: 1.2;text-align: left;font-family:Roboto;font-weight:400;font-style:normal\" ><p>DISTINGUIDOS ASOCIADOS En archivo adjunto se remite la Resoluci\u00f3n N\u00b0 468 del Ministerio de Industria y Comercio \u00abPOR LA CUAL SE ABROGA LA RESOLUCI\u00d3N N\u00b0 972 DE FECHA 02 DE AGOSTO DE 2023 \u201cPOR LA CUAL SE ESTABLECE EL PROCEDIMIENTO PARA EL TR\u00c1MITE DE LICENCIAS PREVIA DE IMPORTACI\u00d3N DE LOS PRODUCTOS COMPRENDIDOS EN LA PARTIDA [&hellip;]<\/p>\n<\/div><\/div><\/div><\/div><\/div><\/div><\/div><\/div><div class=\"vc_clearfix\"><\/div><\/div><div class=\"vc_grid-item vc_clearfix vc_col-sm-2\"><div class=\"vc_grid-item-mini vc_clearfix \"><div class=\"vc_gitem-animated-block  vc_gitem-animate vc_gitem-animate-goTop20\"  data-vc-animation=\"goTop20\"><div class=\"vc_gitem-zone vc_gitem-zone-a vc_gitem-is-link\" style=\"background-image: url('https:\/\/cdap.org.py\/wp-content\/uploads\/2024\/09\/CurCom2.jpg') !important;\"><a href=\"https:\/\/cdap.org.py\/?p=22542\" title=\"DECRETO\u00a0N\u00b0\u00a02063\u00a0&#8211; R\u00e9gimen\u00a0de\u00a0Turismo\u00a0de\u00a0Compras\" class=\"vc_gitem-link vc-zone-link\" ><\/a><img decoding=\"async\" class=\"vc_gitem-zone-img\" src=\"https:\/\/cdap.org.py\/wp-content\/uploads\/2024\/09\/CurCom2.jpg\" alt=\"DECRETO\u00a0N\u00b0\u00a02063\u00a0- R\u00e9gimen\u00a0de\u00a0Turismo\u00a0de\u00a0Compras\" loading=\"lazy\"><div class=\"vc_gitem-zone-mini\"><\/div><\/div><div class=\"vc_gitem-zone vc_gitem-zone-b vc-gitem-zone-height-mode-auto vc_gitem-is-link\"><a href=\"https:\/\/cdap.org.py\/?p=22542\" title=\"DECRETO\u00a0N\u00b0\u00a02063\u00a0&#8211; R\u00e9gimen\u00a0de\u00a0Turismo\u00a0de\u00a0Compras\" class=\"vc_gitem-link vc-zone-link\" ><\/a><div class=\"vc_gitem-zone-mini\"><div class=\"vc_gitem_row vc_row vc_gitem-row-position-bottom\"><div class=\"vc_col-sm-12 vc_gitem-col vc_gitem-col-align- vc_custom_1419329081651\"><div class=\"vc_custom_heading vc_gitem-post-data vc_gitem-post-data-source-post_title\" ><div style=\"font-size: 20px;color: #ffffff;line-height: 1.3;text-align: left;font-family:Roboto;font-weight:500;font-style:normal\" >DECRETO\u00a0N\u00b0\u00a02063\u00a0&#8211; R\u00e9gimen\u00a0de\u00a0Turismo\u00a0de\u00a0Compras<\/div><\/div><div class=\"vc_custom_heading vc_gitem-post-data vc_gitem-post-data-source-post_excerpt\" ><div style=\"font-size: 14px;color: #efefef;line-height: 1.2;text-align: left;font-family:Roboto;font-weight:400;font-style:normal\" ><p>DISTINGUIDOS ASOCIADOS En archivo adjunto se remite el Decreto N\u00b0 2063 de la Presidencia de la Rep\u00fablica del Paraguay &#8211; Ministerio de Econom\u00eda y Finanzas \u00abPOR EL CUAL SE ESTABLECE EL R\u00c9GIMEN DE TURISMO DE COMPRAS (RTC) PARA LA IMPORTACI\u00d3N DE DETERMINADOS BIENES Y SU COMERCIALIZACI\u00d3N A PERSONAS F\u00cdSICAS EXTRANJERAS NO DOMICILIADAS EN EL PA\u00cdS [&hellip;]<\/p>\n<\/div><\/div><\/div><\/div><\/div><\/div><\/div><\/div><div class=\"vc_clearfix\"><\/div><\/div><div class=\"vc_grid-item vc_clearfix vc_col-sm-2\"><div class=\"vc_grid-item-mini vc_clearfix \"><div class=\"vc_gitem-animated-block  vc_gitem-animate vc_gitem-animate-goTop20\"  data-vc-animation=\"goTop20\"><div class=\"vc_gitem-zone vc_gitem-zone-a vc_gitem-is-link\" style=\"background-image: url('https:\/\/cdap.org.py\/wp-content\/uploads\/2024\/09\/CurCom1.jpg') !important;\"><a href=\"https:\/\/cdap.org.py\/?p=22538\" title=\"Instructivo\u00a0de\u00a0acceso\u00a0a\u00a0nueva\u00a0aplicaci\u00f3n\u00a0de impresi\u00f3n\u00a0de\u00a0facturas\u00a0CDAP\" class=\"vc_gitem-link vc-zone-link\" ><\/a><img decoding=\"async\" class=\"vc_gitem-zone-img\" src=\"https:\/\/cdap.org.py\/wp-content\/uploads\/2024\/09\/CurCom1.jpg\" alt=\"Instructivo\u00a0de\u00a0acceso\u00a0a\u00a0nueva\u00a0aplicaci\u00f3n\u00a0de impresi\u00f3n\u00a0de\u00a0facturas\u00a0CDAP\" loading=\"lazy\"><div class=\"vc_gitem-zone-mini\"><\/div><\/div><div class=\"vc_gitem-zone vc_gitem-zone-b vc-gitem-zone-height-mode-auto vc_gitem-is-link\"><a href=\"https:\/\/cdap.org.py\/?p=22538\" title=\"Instructivo\u00a0de\u00a0acceso\u00a0a\u00a0nueva\u00a0aplicaci\u00f3n\u00a0de impresi\u00f3n\u00a0de\u00a0facturas\u00a0CDAP\" class=\"vc_gitem-link vc-zone-link\" ><\/a><div class=\"vc_gitem-zone-mini\"><div class=\"vc_gitem_row vc_row vc_gitem-row-position-bottom\"><div class=\"vc_col-sm-12 vc_gitem-col vc_gitem-col-align- vc_custom_1419329081651\"><div class=\"vc_custom_heading vc_gitem-post-data vc_gitem-post-data-source-post_title\" ><div style=\"font-size: 20px;color: #ffffff;line-height: 1.3;text-align: left;font-family:Roboto;font-weight:500;font-style:normal\" >Instructivo\u00a0de\u00a0acceso\u00a0a\u00a0nueva\u00a0aplicaci\u00f3n\u00a0de impresi\u00f3n\u00a0de\u00a0facturas\u00a0CDAP<\/div><\/div><div class=\"vc_custom_heading vc_gitem-post-data vc_gitem-post-data-source-post_excerpt\" ><div style=\"font-size: 14px;color: #efefef;line-height: 1.2;text-align: left;font-family:Roboto;font-weight:400;font-style:normal\" ><\/div><\/div><\/div><\/div><\/div><\/div><\/div><\/div><div class=\"vc_clearfix\"><\/div><\/div><\/div><div data-lazy-loading-btn=\"true\" style=\"display: none;\"><a href=\"https:\/\/cdap.org.py\/\"><\/a><\/div><\/div>\n\t<\/div>\n<\/div><\/div><\/div><\/div><div class=\"wpb_column vc_column_container vc_col-sm-4\" data-delay=\"0\"><div class=\"vc_column-inner \"><div class=\"wpb_wrapper\">\n\t<div class=\"wpb_video_widget wpb_content_element vc_clearfix   vc_video-aspect-ratio-169 vc_video-el-width-100 vc_video-align-left\" >\n\t\t<div class=\"wpb_wrapper\">\n\t\t\t\n\t\t\t<div class=\"wpb_video_wrapper\"><iframe loading=\"lazy\" title=\"SOFIA KIT 2.0\" width=\"500\" height=\"281\" src=\"https:\/\/www.youtube.com\/embed\/_EckztUKnow?feature=oembed\" frameborder=\"0\" allow=\"accelerometer; autoplay; clipboard-write; encrypted-media; gyroscope; picture-in-picture; web-share\" referrerpolicy=\"strict-origin-when-cross-origin\" allowfullscreen><\/iframe><\/div>\n\t\t<\/div>\n\t<\/div>\n<\/div><\/div><\/div><\/div><\/section><div  data-delay=\"0\" data-vc-full-width=\"true\" data-vc-full-width-init=\"false\" class=\"vc_row wpb_row vc_row-fluid\"><div class=\"dt-sc-dark-bg wpb_column vc_column_container vc_col-sm-12\" data-delay=\"0\"><div class=\"vc_column-inner \"><div class=\"wpb_wrapper\"><div id=\"1554112023610-c5e617e7-caae\" class=\"dt-sc-empty-space\"><\/div><\/div><\/div><\/div><\/div><div class=\"vc_row-full-width vc_clearfix\"><\/div><!-- Row Backgrounds --><div class=\"upb_bg_img\" data-ultimate-bg=\"url(https:\/\/cdap.org.py\/wp-content\/uploads\/2019\/04\/bg1.jpg)\" data-image-id=\"id^19360|url^http:\/\/10.11.12.20\/wp-content\/uploads\/2019\/04\/bg1.jpg|caption^null|alt^null|title^bg1|description^null\" data-ultimate-bg-style=\"vcpb-vz-jquery\" data-bg-img-repeat=\"repeat\" data-bg-img-size=\"cover\" data-bg-img-position=\"\" data-parallx_sense=\"30\" data-bg-override=\"0\" data-bg_img_attach=\"scroll\" data-upb-overlay-color=\"rgba(0,0,0,0.8)\" data-upb-bg-animation=\"\" data-fadeout=\"\" data-bg-animation=\"left-animation\" data-bg-animation-type=\"h\" data-animation-repeat=\"repeat\" data-fadeout-percentage=\"30\" data-parallax-content=\"\" data-parallax-content-sense=\"30\" data-row-effect-mobile-disable=\"true\" data-img-parallax-mobile-disable=\"true\" data-rtl=\"false\"  data-custom-vc-row=\"\"  data-vc=\"7.9\"  data-is_old_vc=\"\"  data-theme-support=\"\"   data-overlay=\"true\" data-overlay-color=\"rgba(0,0,0,0.8)\" data-overlay-pattern=\"\" data-overlay-pattern-opacity=\"0.8\" data-overlay-pattern-size=\"\" data-overlay-pattern-attachment=\"scroll\"    ><\/div><div  style='overflow: visible; z-index: 9;'  data-delay=\"0\" data-vc-full-width=\"true\" data-vc-full-width-init=\"false\" class=\"vc_row wpb_row vc_row-fluid dt-sc-custom-bg\"><div class=\"wpb_column vc_column_container vc_col-sm-12\" data-delay=\"0\"><div class=\"vc_column-inner \"><div class=\"wpb_wrapper\"><div class=\"vc_row wpb_row vc_inner vc_row-fluid move-top-icon-box\"><div class=\"wpb_column vc_column_container vc_col-sm-4 vc_col-has-fill\"><div class=\"vc_column-inner vc_custom_1554114237472\"><div class=\"wpb_wrapper\"><div class='dt-sc-icon-box type14 aligncenter border-right border-bottom hide-btn ' data-delay='0' ><div class=\"icon-wrapper\"><img loading=\"lazy\" decoding=\"async\" width=\"78\" height=\"90\" src=\"https:\/\/cdap.org.py\/wp-content\/uploads\/2019\/10\/pajarito2.png\" class=\"attachment-full\" alt=\"\" title=\"pajarito2\" \/><\/div><div class=\"icon-content\"><h4>CDAP Pagos 2.0<\/h4><p><strong><a href=\"https:\/\/secure.aduana.gov.py\/cdapweb\/app\/\" target=\"_blank\" rel=\"noopener noreferrer\">Ingresar<\/a><\/strong><\/p><\/div><\/div><div class='dt-sc-icon-box type14 aligncenter border-right last hide-btn ' data-delay='0' ><div class=\"icon-wrapper\"><span class='fas fa-chart-line'> <\/span><\/div><div class=\"icon-content\"><h4>Cotizaci\u00f3n Aduana<\/h4><p><strong><a href=\"https:\/\/www.dnit.gov.py\/web\/portal-institucional\/cotizaciones-aduaneras\" target=\"_blank\" rel=\"noopener noreferrer\">Ingresar<\/a><\/strong><\/p><\/div><\/div><\/div><\/div><\/div><div class=\"wpb_column vc_column_container vc_col-sm-4 vc_col-has-fill\"><div class=\"vc_column-inner vc_custom_1554114245426\"><div class=\"wpb_wrapper\"><div class='dt-sc-icon-box type14 aligncenter border-right border-bottom hide-btn ' data-delay='0' ><div class=\"icon-wrapper\"><span class='fas fa-print'> <\/span><\/div><div class=\"icon-content\"><h4>Impresi\u00f3n de Facturas<\/h4><p><strong><a href=\"https:\/\/app1.cdap.net.py\/cdapfacturas\/servlet\/accesosistema\" target=\"_blank\" rel=\"noopener noreferrer\">Externo<\/a><\/strong>\n<strong><a href=\"http:\/\/10.11.12.134:8081\/cdapfacturas\/servlet\/accesosistema\" target=\"_blank\" rel=\"noopener noreferrer\">Red CDAP<\/a><\/strong><\/p><\/div><\/div><div class='dt-sc-icon-box type14 aligncenter border-right last hide-btn ' data-delay='0' ><div class=\"icon-wrapper\"><span class='fa fa-wpforms'> <\/span><\/div><div class=\"icon-content\"><h4>Formularios<\/h4><p><strong><a href=\"https:\/\/docs.google.com\/forms\/d\/e\/1FAIpQLSeUF23qIJIdwq-UNoWvuMGYXdl02qsxc4r6JXYceNlwKpCS9A\/viewform?embedded=true\" target=\"_blank\" rel=\"noopener noreferrer\">Sugerencias<\/a><\/strong>\n<strong><a href=\"https:\/\/docs.google.com\/forms\/d\/e\/1FAIpQLScLIRPPK9xbb7_ltSMdc6DzgbRIZqhInOr3Xrl3pk2OBFTwdA\/viewform\" target=\"_blank\" rel=\"noopener noreferrer\">Consultas<\/a><\/strong><\/p><\/div><\/div><\/div><\/div><\/div><div class=\"wpb_column vc_column_container vc_col-sm-4\"><div class=\"vc_column-inner vc_custom_1554114253622\"><div class=\"wpb_wrapper\"><div class='dt-sc-icon-box type14 aligncenter border-right last hide-btn ' data-delay='0' ><div class=\"icon-wrapper\"><span class='far fa-newspaper'> <\/span><\/div><div class=\"icon-content\"><h4>Noticias CDAP<\/h4><p><strong><a href=\"https:\/\/cdap.org.py\/?cat=95\" target=\"_blank\" rel=\"noopener noreferrer\">Ingresar<\/a><\/strong><\/p><\/div><\/div><div class='dt-sc-icon-box type14 aligncenter border-bottom hide-btn ' data-delay='0' ><div class=\"icon-wrapper\"><span class='fa fa-users'> <\/span><\/div><div class=\"icon-content\"><h4>Asociados<\/h4><p><strong><a href=\"https:\/\/cdap.org.py\/?page_id=21335\" rel=\"noopener noreferrer\">Asesoria Tecnica<\/a><\/strong>\n<strong><a href=\"https:\/\/docs.google.com\/forms\/d\/e\/1FAIpQLSc5bi_v-WQW5nnbdLUOurITuUtdnnz84IcVl4eOz67LCi-PxQ\/viewform\" target=\"_blank\" rel=\"noopener noreferrer\">Solicitud de Correo<\/a><\/strong><\/p><\/div><\/div><\/div><\/div><\/div><\/div><div class=\"vc_empty_space\"   style=\"height: 32px\"><span class=\"vc_empty_space_inner\"><\/span><\/div><\/div><\/div><\/div><\/div><div class=\"vc_row-full-width vc_clearfix\"><\/div><!-- Row Backgrounds --><div  data-delay=\"0\" data-vc-full-width=\"true\" data-vc-full-width-init=\"false\" class=\"vc_row wpb_row vc_row-fluid dt-sc-partially-fullwidth\"><div class=\"wpb_column vc_column_container vc_col-sm-12\" data-delay=\"0\"><div class=\"vc_column-inner \"><div class=\"wpb_wrapper\"><div class='dt-sc-title with-separator-bottom  aligncenter light-separator' data-delay='0'><h2 class='dt-sc-main-heading'>Multisistemas del CDAP<\/h2><h3 class='dt-sc-sub-heading'><\/h3><\/div><\/div><\/div><\/div><\/div><div class=\"vc_row-full-width vc_clearfix\"><\/div><div  data-delay=\"0\" class=\"vc_row wpb_row vc_row-fluid\"><div class=\"wpb_column vc_column_container vc_col-sm-1\/5\" data-delay=\"0\"><div class=\"vc_column-inner \"><div class=\"wpb_wrapper\"><div class=\"vc_btn3-container vc_btn3-center vc_do_btn\" ><a class=\"vc_general vc_btn3 vc_btn3-size-lg vc_btn3-shape-square vc_btn3-style-flat vc_btn3-block vc_btn3-color-warning\" href=\"http:\/\/www2.annp.gov.py\/sgd\" title=\"\" target=\"_blank\">SGD - ANNP<\/a><\/div><\/div><\/div><\/div><div class=\"wpb_column vc_column_container vc_col-sm-1\/5\" data-delay=\"0\"><div class=\"vc_column-inner \"><div class=\"wpb_wrapper\"><div class=\"vc_btn3-container vc_btn3-center vc_do_btn\" ><a class=\"vc_general vc_btn3 vc_btn3-size-lg vc_btn3-shape-square vc_btn3-style-flat vc_btn3-block vc_btn3-color-warning\" href=\"https:\/\/sgd.dinac.gov.py:3030\" title=\"\" target=\"_blank\">SGD - DINAC<\/a><\/div><\/div><\/div><\/div><div class=\"wpb_column vc_column_container vc_col-sm-1\/5\" data-delay=\"0\"><div class=\"vc_column-inner \"><div class=\"wpb_wrapper\"><div class=\"vc_btn3-container vc_btn3-center vc_do_btn\" ><a class=\"vc_general vc_btn3 vc_btn3-size-lg vc_btn3-shape-square vc_btn3-style-flat vc_btn3-block vc_btn3-color-warning\" href=\"https:\/\/secure.aduana.gov.py\/sqf\" title=\"\" target=\"_blank\">SQF<\/a><\/div><\/div><\/div><\/div><div class=\"wpb_column vc_column_container vc_col-sm-1\/5\" data-delay=\"0\"><div class=\"vc_column-inner \"><div class=\"wpb_wrapper\"><div class=\"vc_btn3-container vc_btn3-center vc_do_btn\" ><a class=\"vc_general vc_btn3 vc_btn3-size-lg vc_btn3-shape-square vc_btn3-style-flat vc_btn3-block vc_btn3-color-warning\" href=\"http:\/\/www.vue.org.py\/index1.php\" title=\"\" target=\"_blank\">VUE<\/a><\/div><\/div><\/div><\/div><div class=\"wpb_column vc_column_container vc_col-sm-1\/5\" data-delay=\"0\"><div class=\"vc_column-inner \"><div class=\"wpb_wrapper\"><div class=\"vc_btn3-container vc_btn3-center vc_do_btn\" ><a class=\"vc_general vc_btn3 vc_btn3-size-lg vc_btn3-shape-square vc_btn3-style-flat vc_btn3-block vc_btn3-color-warning\" href=\"http:\/\/login.aduana.gov.py\/sso\/jsp\/login.jsp?site2pstoretoken=v1.2~AC95D7CF~52A57D8AFAE9EC0B97192935B3874E181B5B98DAC89653055BAB0670854B93A82853B9C1995A04B56481971D8CC8487FBEE165FAF41278921797AB0402991A88445737D5EA82B4927157DBBC758348F0A2FD29432A45ED59AD3\" title=\"\" target=\"_blank\">VUI<\/a><\/div><\/div><\/div><\/div><\/div><div  data-delay=\"0\" class=\"vc_row wpb_row vc_row-fluid\"><div class=\"wpb_column vc_column_container vc_col-sm-12\" data-delay=\"0\"><div class=\"vc_column-inner \"><div class=\"wpb_wrapper\"><div class=\"vc_empty_space\"   style=\"height: 32px\"><span class=\"vc_empty_space_inner\"><\/span><\/div><\/div><\/div><\/div><\/div>\n<\/div>","protected":false},"excerpt":{"rendered":"<p>Bolet\u00edn Charla sobre Operaciones de ComercioEstimados Asociados, El&nbsp;Centro de Despachantes de Aduana del Paraguay, en el marco de sus actividades de capacitaci\u00f3n y actualizaci\u00f3n profesional, tiene el honor de invitar a todos sus asociados a la&nbsp;Charla sobre Operaciones de Comercio, que estar\u00e1 a cargo del&nbsp;Lic. Luis Ojeda. Fecha:\u00a0Viernes, 26 de septiembreHorario:\u00a017:30 a 20:30 hsLugar:\u00a0Presencial \u2013 [&hellip;]<\/p>\n","protected":false},"author":1,"featured_media":0,"parent":0,"menu_order":0,"comment_status":"closed","ping_status":"closed","template":"","meta":{"_crdt_document":"","om_disable_all_campaigns":false,"footnotes":""},"class_list":["post-19276","page","type-page","status-publish","hentry"],"_links":{"self":[{"href":"https:\/\/cdap.org.py\/index.php?rest_route=\/wp\/v2\/pages\/19276","targetHints":{"allow":["GET"]}}],"collection":[{"href":"https:\/\/cdap.org.py\/index.php?rest_route=\/wp\/v2\/pages"}],"about":[{"href":"https:\/\/cdap.org.py\/index.php?rest_route=\/wp\/v2\/types\/page"}],"author":[{"embeddable":true,"href":"https:\/\/cdap.org.py\/index.php?rest_route=\/wp\/v2\/users\/1"}],"replies":[{"embeddable":true,"href":"https:\/\/cdap.org.py\/index.php?rest_route=%2Fwp%2Fv2%2Fcomments&post=19276"}],"version-history":[{"count":557,"href":"https:\/\/cdap.org.py\/index.php?rest_route=\/wp\/v2\/pages\/19276\/revisions"}],"predecessor-version":[{"id":22767,"href":"https:\/\/cdap.org.py\/index.php?rest_route=\/wp\/v2\/pages\/19276\/revisions\/22767"}],"wp:attachment":[{"href":"https:\/\/cdap.org.py\/index.php?rest_route=%2Fwp%2Fv2%2Fmedia&parent=19276"}],"curies":[{"name":"wp","href":"https:\/\/api.w.org\/{rel}","templated":true}]}}